{"id":11,"date":"2024-01-30T21:26:00","date_gmt":"2024-01-30T20:26:00","guid":{"rendered":"https:\/\/fermedelaborde.com\/?page_id=11"},"modified":"2024-02-28T07:01:05","modified_gmt":"2024-02-28T06:01:05","slug":"nous-ecrire","status":"publish","type":"page","link":"https:\/\/fermedelaborde.com\/index.php\/nous-ecrire\/","title":{"rendered":"Nous \u00e9crire"},"content":{"rendered":"\n<p class=\"has-text-align-left\"><strong>Mireille et Dominique BOUIN<\/strong><br>Ferme de la Borde<br>6 et 8, chemin de la Borde<br><strong>45730 Saint-Beno\u00eet-sur-Loire <\/strong><br><strong>FRANCE<\/strong><\/p>\n\n\n\n<p class=\"has-text-align-left\">T\u00e9l. <a href=\"tel:+33238357053\" data-type=\"tel\" data-id=\"tel:+33238357053\">02 38 35 70 53<\/a><br>Mobile : <a href=\"tel:+33676056972\" data-type=\"tel\" data-id=\"tel:+33676056972\">06 76 05 69 72<\/a> <br><br><a href=\"mailto:Mireille-Dominique.BOUIN@wanadoo.fr\" data-type=\"mailto\" data-id=\"mailto:Mireille-Dominique.BOUIN@wanadoo.fr\">Nous \u00e9crire<\/a><\/p>\n","protected":false},"excerpt":{"rendered":"<p>Mireille et Dominique BOUINFerme de la Borde6 et 8, chemin de la Borde45730 Saint-Beno\u00eet-sur-Loire FRANCE T\u00e9l. 02 38 35 70 53Mobile : 06 76 05 69 72 Nous \u00e9crire<\/p>\n","protected":false},"author":1,"featured_media":20,"parent":0,"menu_order":0,"comment_status":"closed","ping_status":"closed","template":"","meta":{"footnotes":""},"class_list":["post-11","page","type-page","status-publish","has-post-thumbnail","hentry"],"_links":{"self":[{"href":"https:\/\/fermedelaborde.com\/index.php\/wp-json\/wp\/v2\/pages\/11","targetHints":{"allow":["GET"]}}],"collection":[{"href":"https:\/\/fermedelaborde.com\/index.php\/wp-json\/wp\/v2\/pages"}],"about":[{"href":"https:\/\/fermedelaborde.com\/index.php\/wp-json\/wp\/v2\/types\/page"}],"author":[{"embeddable":true,"href":"https:\/\/fermedelaborde.com\/index.php\/wp-json\/wp\/v2\/users\/1"}],"replies":[{"embeddable":true,"href":"https:\/\/fermedelaborde.com\/index.php\/wp-json\/wp\/v2\/comments?post=11"}],"version-history":[{"count":3,"href":"https:\/\/fermedelaborde.com\/index.php\/wp-json\/wp\/v2\/pages\/11\/revisions"}],"predecessor-version":[{"id":313,"href":"https:\/\/fermedelaborde.com\/index.php\/wp-json\/wp\/v2\/pages\/11\/revisions\/313"}],"wp:featuredmedia":[{"embeddable":true,"href":"https:\/\/fermedelaborde.com\/index.php\/wp-json\/wp\/v2\/media\/20"}],"wp:attachment":[{"href":"https:\/\/fermedelaborde.com\/index.php\/wp-json\/wp\/v2\/media?parent=11"}],"curies":[{"name":"wp","href":"https:\/\/api.w.org\/{rel}","templated":true}]}}