{"id":219,"date":"2024-02-10T10:28:33","date_gmt":"2024-02-10T09:28:33","guid":{"rendered":"https:\/\/fermedelaborde.com\/?page_id=219"},"modified":"2025-01-21T06:57:49","modified_gmt":"2025-01-21T05:57:49","slug":"tarifs","status":"publish","type":"page","link":"https:\/\/fermedelaborde.com\/index.php\/tarifs\/","title":{"rendered":"Tarifs 2025"},"content":{"rendered":"\n<hr class=\"wp-block-separator has-alpha-channel-opacity\"\/>\n\n\n\n<div class=\"wp-block-group\"><div class=\"wp-block-group__inner-container is-layout-constrained wp-block-group-is-layout-constrained\">\n<h2 class=\"wp-block-heading\" id=\"Chambresdhotes\">Prix Chambre d&rsquo;h\u00f4te &amp; Suite familiale :<\/h2>\n\n\n\n<ul class=\"wp-block-list\">\n<li>\n<ul class=\"wp-block-list\">\n<li>1 personne : <strong>85\u20ac<\/strong><\/li>\n\n\n\n<li>2 personnes : <strong>90\u20ac<\/strong><\/li>\n\n\n\n<li>3 personnes : <strong>135\/175\u20ac<\/strong><\/li>\n\n\n\n<li>4 personnes : <strong>180\u20ac<\/strong><\/li>\n<\/ul>\n<\/li>\n\n\n\n<li><mark style=\"background-color:rgba(0, 0, 0, 0)\" class=\"has-inline-color has-luminous-vivid-orange-color\"><strong>Tarif Week-end (vendredi et samedi)<\/strong><\/mark>\n<ul class=\"wp-block-list\">\n<li>1 personne : <strong>105\u20ac<\/strong><\/li>\n\n\n\n<li>2 personnes : <strong>110\u20ac<\/strong><\/li>\n\n\n\n<li>3 personnes : <strong>155\/195\u20ac<\/strong><\/li>\n\n\n\n<li>4 personnes : <strong>210\u20ac<\/strong><\/li>\n<\/ul>\n<\/li>\n<\/ul>\n\n\n\n<p><span style=\"text-decoration: underline;\">Taxe de s\u00e9jour en sus<\/span> : <strong>0,60\u20ac<\/strong> par personne par nuit (revers\u00e9e \u00e0 la Communaut\u00e9 de Communes du Val de Sully)<\/p>\n\n\n\n<p style=\"font-size:20px\">Les prix sont en fonction du nombre de personnes par chambre.<br>Le petit-d\u00e9jeuner est inclus dans le prix.<\/p>\n\n\n\n<p class=\"has-medium-font-size\"><strong>Services inclus dans le prix des chambres :<\/strong><br><span style=\"text-decoration: underline;\">Chambres<\/span> : Lits faits, bouilloire et service \u00e0 th\u00e9 avec choix de tisanes et th\u00e9s, documentation touristique sur la r\u00e9gion \u00e0 disposition.<br><span style=\"text-decoration: underline;\">Salles de bain<\/span> : serviettes de toilettes, savon, gel douche, kit toilettes, papier toilette.<\/p>\n<\/div><\/div>\n\n\n\n<hr class=\"wp-block-separator has-alpha-channel-opacity\"\/>\n\n\n\n<p>Nos amis les animaux sont les bienvenus (suppl\u00e9ment de <strong>5\u20ac<\/strong>).<\/p>\n\n\n\n<hr class=\"wp-block-separator has-alpha-channel-opacity\"\/>\n\n\n\n<div class=\"wp-block-group\"><div class=\"wp-block-group__inner-container is-layout-constrained wp-block-group-is-layout-constrained\">\n<h2 class=\"wp-block-heading\">Tarifs Table d&rsquo;h\u00f4tes (d\u00eener du soir) :<\/h2>\n\n\n\n<p><strong>25\u20ac<\/strong> par personne, vin compris<br>Repas pour enfant de moins de 10 ans : <strong>13\u20ac<\/strong><\/p>\n\n\n\n<p class=\"has-medium-font-size\"><span style=\"text-decoration: underline;\">Suppl\u00e9ment cuisine<\/span> (1 nuit\u00e9e chambre d&rsquo;h\u00f4tes sans table d&rsquo;h\u00f4tes) : <strong>5\u20ac<\/strong> <br>Pour les s\u00e9jours \u00e0 partir de 2 nuits (et plus), la cuisine est mise \u00e0 disposition. <\/p>\n\n\n\n<p class=\"has-medium-font-size\">La cuisine commune comprenant : r\u00e9frig\u00e9rateur, micro-ondes, gazini\u00e8re, vaisselle compl\u00e8te, ustensiles de cuisine, condiments, torchons, liquide vaisselle<br>Une petite salle \u00e0 manger attenante est \u00e9galement mise \u00e0 disposition de nos h\u00f4tes.<\/p>\n<\/div><\/div>\n\n\n\n<hr class=\"wp-block-separator has-alpha-channel-opacity\"\/>\n\n\n\n<div class=\"wp-block-group\"><div class=\"wp-block-group__inner-container is-layout-constrained wp-block-group-is-layout-constrained\">\n<h2 class=\"wp-block-heading\">Formule G\u00eete (option locative privative) :<\/h2>\n\n\n\n<p>Pour un groupe d&rsquo;amis ou un rassemblement familial, nous proposons une <strong>formule \u00ab\u00a0g\u00eetes\u00a0\u00bb<\/strong> (2 nuit\u00e9es minimum).<\/p>\n\n\n\n<div class=\"wp-block-group\"><div class=\"wp-block-group__inner-container is-layout-constrained wp-block-group-is-layout-constrained\">\n<p><strong><strong>Location d&rsquo;un logement entier priv\u00e9 (7 personnes et +)<\/strong>* <\/strong>:<\/p>\n\n\n\n<blockquote class=\"wp-block-quote is-layout-flow wp-block-quote-is-layout-flow\">\n<ul class=\"wp-block-list\">\n<li>3 chambres<\/li>\n\n\n\n<li>2 salles de bains ind\u00e9pendantes<\/li>\n\n\n\n<li>2 WC<\/li>\n\n\n\n<li>Terrasse priv\u00e9e aux chambres (cot\u00e9 jardin \/ calme garanti)<\/li>\n\n\n\n<li>Cuisine \u00e9quip\u00e9e privatis\u00e9e<\/li>\n\n\n\n<li>Salon commun prtrivatis\u00e9<\/li>\n\n\n\n<li>Grande v\u00e9randa lumineuse privatis\u00e9e (pour les jours maussades et les soir\u00e9es)<\/li>\n<\/ul>\n\n\n\n<p>2 nuit\u00e9es : <strong>795\u20ac<\/strong><br>3 nuit\u00e9es : <strong>1110\u20ac<\/strong><br>4 nuit\u00e9es : <strong>1425\u20ac<\/strong><\/p>\n<\/blockquote>\n<\/div><\/div>\n\n\n\n<p><span style=\"text-decoration: underline;\">Heure d&rsquo;arriv\u00e9e<\/span> : <strong>apr\u00e8s 15h<\/strong>.<br><span style=\"text-decoration: underline;\">D\u00e9part le lendemain<\/span> : <strong>avant 15h<\/strong>.<br><br><span style=\"text-decoration: underline;\">Inclus dans le prix<\/span> : m\u00e9nage, change des draps et linge de toilette.<br><span style=\"text-decoration: underline;\">Non compris<\/span> : petit d\u00e9jeuner<\/p>\n\n\n\n<hr class=\"wp-block-separator has-alpha-channel-opacity is-style-dots\"\/>\n\n\n\n<p>* <strong><em>Avec possibilit\u00e9 de chambres suppl\u00e9mentaires aux tarifs chambres d&rsquo;h\u00f4tes <\/em><\/strong><br>(voir <a href=\"#Chambresdhotes\" data-type=\"internal\" data-id=\"#Chambresdhotes\">plus haut<\/a>)<\/p>\n\n\n\n<p class=\"has-text-align-center\"><a href=\"mailto:mireille-dominique.bouin@wanadoo.fr\" data-type=\"mailto\" data-id=\"mailto:mireille-dominique.bouin@wanadoo.fr\">Contactez-nous pour un devis.<\/a><\/p>\n\n\n\n<hr class=\"wp-block-separator has-alpha-channel-opacity\"\/>\n<\/div><\/div>\n\n\n\n<div class=\"wp-block-group\"><div class=\"wp-block-group__inner-container is-layout-constrained wp-block-group-is-layout-constrained\">\n<h2 class=\"wp-block-heading\">Les + pour rendre votre s\u00e9jour plus agr\u00e9able<\/h2>\n\n\n\n<p>Nous mettons \u00e0 votre disposition :<\/p>\n\n\n\n<ul class=\"wp-block-list\">\n<li>des <strong>v\u00e9los<\/strong> pour vos balades \u00e0 la journ\u00e9e (<em>dans le cadre d&rsquo;un s\u00e9jour de plus de 2 nuit\u00e9es<\/em>)<\/li>\n\n\n\n<li>Des <strong>jeux<\/strong> : table de ping-pong, boules, jeux de soci\u00e9t\u00e9s pour agr\u00e9menter les journ\u00e9es pluvieuses<\/li>\n\n\n\n<li>Une <strong>biblioth\u00e8que<\/strong> \u00e9clectique : romans, BD, livres d&rsquo;histoires, etc.<\/li>\n<\/ul>\n<\/div><\/div>\n\n\n\n<hr class=\"wp-block-separator has-alpha-channel-opacity\"\/>\n\n\n\n<a href=\"#\" class=\"btn btn-default\">Retour en haut \u2191<\/a>\n","protected":false},"excerpt":{"rendered":"<p>Prix Chambre d&rsquo;h\u00f4te &amp; Suite familiale : Taxe de s\u00e9jour en sus : 0,60\u20ac par personne par nuit (revers\u00e9e \u00e0 la Communaut\u00e9 de Communes du Val de Sully) Les prix sont en fonction du nombre de personnes par chambre.Le petit-d\u00e9jeuner est inclus dans le prix. Services inclus dans le prix des chambres :Chambres : Lits [&hellip;]<\/p>\n","protected":false},"author":1,"featured_media":20,"parent":0,"menu_order":0,"comment_status":"closed","ping_status":"closed","template":"","meta":{"footnotes":""},"class_list":["post-219","page","type-page","status-publish","has-post-thumbnail","hentry"],"_links":{"self":[{"href":"https:\/\/fermedelaborde.com\/index.php\/wp-json\/wp\/v2\/pages\/219","targetHints":{"allow":["GET"]}}],"collection":[{"href":"https:\/\/fermedelaborde.com\/index.php\/wp-json\/wp\/v2\/pages"}],"about":[{"href":"https:\/\/fermedelaborde.com\/index.php\/wp-json\/wp\/v2\/types\/page"}],"author":[{"embeddable":true,"href":"https:\/\/fermedelaborde.com\/index.php\/wp-json\/wp\/v2\/users\/1"}],"replies":[{"embeddable":true,"href":"https:\/\/fermedelaborde.com\/index.php\/wp-json\/wp\/v2\/comments?post=219"}],"version-history":[{"count":36,"href":"https:\/\/fermedelaborde.com\/index.php\/wp-json\/wp\/v2\/pages\/219\/revisions"}],"predecessor-version":[{"id":416,"href":"https:\/\/fermedelaborde.com\/index.php\/wp-json\/wp\/v2\/pages\/219\/revisions\/416"}],"wp:featuredmedia":[{"embeddable":true,"href":"https:\/\/fermedelaborde.com\/index.php\/wp-json\/wp\/v2\/media\/20"}],"wp:attachment":[{"href":"https:\/\/fermedelaborde.com\/index.php\/wp-json\/wp\/v2\/media?parent=219"}],"curies":[{"name":"wp","href":"https:\/\/api.w.org\/{rel}","templated":true}]}}