{"id":7,"date":"2024-01-30T21:26:00","date_gmt":"2024-01-30T20:26:00","guid":{"rendered":"https:\/\/fermedelaborde.com\/?page_id=7"},"modified":"2024-02-12T21:26:51","modified_gmt":"2024-02-12T20:26:51","slug":"table","status":"publish","type":"page","link":"https:\/\/fermedelaborde.com\/index.php\/table\/","title":{"rendered":"Table d&rsquo;h\u00f4tes"},"content":{"rendered":"\n<p>Les repas et petits d\u00e9jeuners se prennent autour d&rsquo;une gigantesque table dans une v\u00e9randa avec vue sur le jardin paysager fleuri.<\/p>\n\n\n\n<p>Vous partagerez avec Mireille et Dominique, dans une ambiance familiale et reposante, la table d&rsquo;h\u00f4tes familiale (repas du soir uniquement). Nous proposons des plats cuisin\u00e9s par Mireille \u00e0 base de produits fermiers, l\u00e9gumes et fruits du potager, sans oublier les jus de fruits (raisins, groseilles, rhubarbe), compotes et confitures maison\u2026<\/p>\n\n\n\n<p>Miam !<\/p>\n\n\n\n<hr class=\"wp-block-separator has-alpha-channel-opacity\"\/>\n\n\n\n<figure class=\"wp-block-gallery has-nested-images columns-default is-cropped wp-block-gallery-1 is-layout-flex wp-block-gallery-is-layout-flex\">\n<figure class=\"wp-block-image size-large\"><img fetchpriority=\"high\" decoding=\"async\" width=\"1024\" height=\"683\" data-id=\"188\" src=\"https:\/\/fermedelaborde.com\/wp-content\/uploads\/2024\/02\/10-octobre-2018-IMG_9376-HDR-1024x683.jpg\" alt=\"\" class=\"wp-image-188\" srcset=\"https:\/\/fermedelaborde.com\/wp-content\/uploads\/2024\/02\/10-octobre-2018-IMG_9376-HDR-1024x683.jpg 1024w, https:\/\/fermedelaborde.com\/wp-content\/uploads\/2024\/02\/10-octobre-2018-IMG_9376-HDR-300x200.jpg 300w, https:\/\/fermedelaborde.com\/wp-content\/uploads\/2024\/02\/10-octobre-2018-IMG_9376-HDR-768x512.jpg 768w, https:\/\/fermedelaborde.com\/wp-content\/uploads\/2024\/02\/10-octobre-2018-IMG_9376-HDR-1536x1024.jpg 1536w, https:\/\/fermedelaborde.com\/wp-content\/uploads\/2024\/02\/10-octobre-2018-IMG_9376-HDR-2048x1365.jpg 2048w\" sizes=\"(max-width: 1024px) 100vw, 1024px\" \/><\/figure>\n<\/figure>\n\n\n\n<hr class=\"wp-block-separator has-alpha-channel-opacity\"\/>\n\n\n\n<a href=\"#\" class=\"btn btn-default\">Retour en haut \u2191<\/a>\n","protected":false},"excerpt":{"rendered":"<p>Les repas et petits d\u00e9jeuners se prennent autour d&rsquo;une gigantesque table dans une v\u00e9randa avec vue sur le jardin paysager fleuri. Vous partagerez avec Mireille et Dominique, dans une ambiance familiale et reposante, la table d&rsquo;h\u00f4tes familiale (repas du soir uniquement). Nous proposons des plats cuisin\u00e9s par Mireille \u00e0 base de produits fermiers, l\u00e9gumes et [&hellip;]<\/p>\n","protected":false},"author":1,"featured_media":20,"parent":0,"menu_order":0,"comment_status":"closed","ping_status":"closed","template":"","meta":{"footnotes":""},"class_list":["post-7","page","type-page","status-publish","has-post-thumbnail","hentry"],"_links":{"self":[{"href":"https:\/\/fermedelaborde.com\/index.php\/wp-json\/wp\/v2\/pages\/7","targetHints":{"allow":["GET"]}}],"collection":[{"href":"https:\/\/fermedelaborde.com\/index.php\/wp-json\/wp\/v2\/pages"}],"about":[{"href":"https:\/\/fermedelaborde.com\/index.php\/wp-json\/wp\/v2\/types\/page"}],"author":[{"embeddable":true,"href":"https:\/\/fermedelaborde.com\/index.php\/wp-json\/wp\/v2\/users\/1"}],"replies":[{"embeddable":true,"href":"https:\/\/fermedelaborde.com\/index.php\/wp-json\/wp\/v2\/comments?post=7"}],"version-history":[{"count":11,"href":"https:\/\/fermedelaborde.com\/index.php\/wp-json\/wp\/v2\/pages\/7\/revisions"}],"predecessor-version":[{"id":273,"href":"https:\/\/fermedelaborde.com\/index.php\/wp-json\/wp\/v2\/pages\/7\/revisions\/273"}],"wp:featuredmedia":[{"embeddable":true,"href":"https:\/\/fermedelaborde.com\/index.php\/wp-json\/wp\/v2\/media\/20"}],"wp:attachment":[{"href":"https:\/\/fermedelaborde.com\/index.php\/wp-json\/wp\/v2\/media?parent=7"}],"curies":[{"name":"wp","href":"https:\/\/api.w.org\/{rel}","templated":true}]}}