{"id":70,"date":"2024-02-04T17:59:16","date_gmt":"2024-02-04T16:59:16","guid":{"rendered":"https:\/\/fermedelaborde.com\/?page_id=70"},"modified":"2024-03-12T20:14:43","modified_gmt":"2024-03-12T19:14:43","slug":"mireille-et-dominique-vous-accueillent","status":"publish","type":"page","link":"https:\/\/fermedelaborde.com\/","title":{"rendered":"Mireille et Dominique vous accueillent"},"content":{"rendered":"\n<p>Situ\u00e9e \u00e0 <strong><a href=\"https:\/\/www.google.fr\/maps\/place\/Ferme+de+la+Borde\/@47.8102582,2.324657,15z\/data=!4m20!1m10!3m9!1s0x47e5148facc1ccdb:0x6a67774d477adb00!2sFerme+de+la+Borde!5m2!4m1!1i2!8m2!3d47.806966!4d2.333739!16s%2Fg%2F1tgmvkms!3m8!1s0x47e5148facc1ccdb:0x6a67774d477adb00!5m2!4m1!1i2!8m2!3d47.806966!4d2.333739!16s%2Fg%2F1tgmvkms?entry=ttu\" data-type=\"link\" data-id=\"https:\/\/maps.app.goo.gl\/cJphP81HooH6jZN98\" target=\"_blank\" rel=\"noreferrer noopener\">Saint-Beno\u00eet-sur-Loire<\/a><\/strong>, dans le hameau de la Borde, retir\u00e9e des routes passag\u00e8res, au calme et dans un environnement tr\u00e8s reposant, la <strong>Ferme de la Borde<\/strong>, labellis\u00e9e en \u00ab\u00a0<strong>Ferme de s\u00e9jour<\/strong>\u00a0\u00bb dans <strong><a href=\"https:\/\/www.bienvenue-a-la-ferme.com\/centre\/loiret\/st-benoit-sur-loire\/ferme\/la-borde\/54764?distance=25km&amp;lat=47.8095&amp;lon=2.30591&amp;place_name=St+benoit+sur+loire+-+45730+%28Loiret%29&amp;place_type=town&amp;precision=5\" data-type=\"link\" data-id=\"https:\/\/www.bienvenue-a-la-ferme.com\/centre\/loiret\/st-benoit-sur-loire\/ferme\/la-borde\/54764?distance=25km&amp;lat=47.8095&amp;lon=2.30591&amp;place_name=St+benoit+sur+loire+-+45730+%28Loiret%29&amp;place_type=town&amp;precision=5\" target=\"_blank\" rel=\"noreferrer noopener\">Bienvenue \u00e0 la ferme<\/a><\/strong> est aussi une maison d&rsquo;h\u00f4tes !<\/p>\n\n\n\n<p><span style=\"text-decoration: underline;\">Depuis 1990<\/span>, <strong>Mireille et Dominique Bouin<\/strong> vous accueillent chaleureusement pour une ou plusieurs nuits dans une grande maison confortable entour\u00e9e de jardins arbor\u00e9s et fleuris et \u00e0 proximit\u00e9 d&rsquo;un vaste potager et verger.<\/p>\n\n\n\n<hr class=\"wp-block-separator has-alpha-channel-opacity\"\/>\n\n\n\n<figure class=\"wp-block-gallery has-nested-images columns-default is-cropped wp-block-gallery-1 is-layout-flex wp-block-gallery-is-layout-flex\">\n<figure class=\"wp-block-image size-large\"><img fetchpriority=\"high\" decoding=\"async\" width=\"1024\" height=\"684\" data-id=\"74\" src=\"https:\/\/fermedelaborde.com\/wp-content\/uploads\/2024\/02\/DSC_5959-1024x684.jpg\" alt=\"\" class=\"wp-image-74\" srcset=\"https:\/\/fermedelaborde.com\/wp-content\/uploads\/2024\/02\/DSC_5959-1024x684.jpg 1024w, https:\/\/fermedelaborde.com\/wp-content\/uploads\/2024\/02\/DSC_5959-300x200.jpg 300w, https:\/\/fermedelaborde.com\/wp-content\/uploads\/2024\/02\/DSC_5959-768x513.jpg 768w, https:\/\/fermedelaborde.com\/wp-content\/uploads\/2024\/02\/DSC_5959.jpg 1500w\" sizes=\"(max-width: 1024px) 100vw, 1024px\" \/><\/figure>\n\n\n\n<figure class=\"wp-block-image size-large\"><img decoding=\"async\" width=\"1024\" height=\"684\" data-id=\"76\" src=\"https:\/\/fermedelaborde.com\/wp-content\/uploads\/2024\/02\/DSC_5956-1-1024x684.jpg\" alt=\"\" class=\"wp-image-76\" srcset=\"https:\/\/fermedelaborde.com\/wp-content\/uploads\/2024\/02\/DSC_5956-1-1024x684.jpg 1024w, https:\/\/fermedelaborde.com\/wp-content\/uploads\/2024\/02\/DSC_5956-1-300x200.jpg 300w, https:\/\/fermedelaborde.com\/wp-content\/uploads\/2024\/02\/DSC_5956-1-768x513.jpg 768w, https:\/\/fermedelaborde.com\/wp-content\/uploads\/2024\/02\/DSC_5956-1.jpg 1500w\" sizes=\"(max-width: 1024px) 100vw, 1024px\" \/><\/figure>\n\n\n\n<figure class=\"wp-block-image size-large\"><img decoding=\"async\" width=\"1024\" height=\"684\" data-id=\"77\" src=\"https:\/\/fermedelaborde.com\/wp-content\/uploads\/2024\/02\/DSC_5961-1024x684.jpg\" alt=\"\" class=\"wp-image-77\" srcset=\"https:\/\/fermedelaborde.com\/wp-content\/uploads\/2024\/02\/DSC_5961-1024x684.jpg 1024w, https:\/\/fermedelaborde.com\/wp-content\/uploads\/2024\/02\/DSC_5961-300x200.jpg 300w, https:\/\/fermedelaborde.com\/wp-content\/uploads\/2024\/02\/DSC_5961-768x513.jpg 768w, https:\/\/fermedelaborde.com\/wp-content\/uploads\/2024\/02\/DSC_5961.jpg 1500w\" sizes=\"(max-width: 1024px) 100vw, 1024px\" \/><\/figure>\n<\/figure>\n\n\n\n<hr class=\"wp-block-separator has-alpha-channel-opacity\"\/>\n\n\n\n<p>Cinq chambres spacieuses et coquettement am\u00e9nag\u00e9es, dont quatre donnent sur terrasse avec vue sur le jardin et deux \u00e0 l&rsquo;\u00e9tage, pour une capacit\u00e9 de 15 personnes.<\/p>\n\n\n\n<p><strong>La Ferme de la Borde<\/strong> a aussi un jardin potager et verger de 5000 m\u00b2. Si vous y s\u00e9journez, vous prendrez le temps, le matin ou le soir, en toutes saisons, de faire une v\u00e9ritable promenade bucolique et ludique.<\/p>\n\n\n\n<p>Vous d\u00e9couvrirez, sentirez, observerez, et enivrerez d&rsquo;odeurs, de lumi\u00e8re, de saveurs, de chants d&rsquo;oiseaux, de couleurs, de fra\u00eecheur et de bien d&rsquo;autres sensations encore\u2026<\/p>\n\n\n\n<hr class=\"wp-block-separator has-alpha-channel-opacity\"\/>\n\n\n\n<figure class=\"wp-block-gallery has-nested-images columns-default is-cropped wp-block-gallery-2 is-layout-flex wp-block-gallery-is-layout-flex\">\n<figure class=\"wp-block-image size-large\"><img loading=\"lazy\" decoding=\"async\" width=\"1024\" height=\"684\" data-id=\"159\" src=\"https:\/\/fermedelaborde.com\/wp-content\/uploads\/2024\/02\/DSC_5912-1024x684.jpg\" alt=\"\" class=\"wp-image-159\" srcset=\"https:\/\/fermedelaborde.com\/wp-content\/uploads\/2024\/02\/DSC_5912-1024x684.jpg 1024w, https:\/\/fermedelaborde.com\/wp-content\/uploads\/2024\/02\/DSC_5912-300x200.jpg 300w, https:\/\/fermedelaborde.com\/wp-content\/uploads\/2024\/02\/DSC_5912-768x513.jpg 768w, https:\/\/fermedelaborde.com\/wp-content\/uploads\/2024\/02\/DSC_5912.jpg 1500w\" sizes=\"(max-width: 1024px) 100vw, 1024px\" \/><\/figure>\n\n\n\n<figure class=\"wp-block-image size-large\"><img loading=\"lazy\" decoding=\"async\" width=\"1024\" height=\"684\" data-id=\"161\" src=\"https:\/\/fermedelaborde.com\/wp-content\/uploads\/2024\/02\/DSC_5952-1024x684.jpg\" alt=\"\" class=\"wp-image-161\" srcset=\"https:\/\/fermedelaborde.com\/wp-content\/uploads\/2024\/02\/DSC_5952-1024x684.jpg 1024w, https:\/\/fermedelaborde.com\/wp-content\/uploads\/2024\/02\/DSC_5952-300x200.jpg 300w, https:\/\/fermedelaborde.com\/wp-content\/uploads\/2024\/02\/DSC_5952-768x513.jpg 768w, https:\/\/fermedelaborde.com\/wp-content\/uploads\/2024\/02\/DSC_5952.jpg 1500w\" sizes=\"(max-width: 1024px) 100vw, 1024px\" \/><\/figure>\n\n\n\n<figure class=\"wp-block-image size-large\"><img loading=\"lazy\" decoding=\"async\" width=\"1024\" height=\"684\" data-id=\"75\" src=\"https:\/\/fermedelaborde.com\/wp-content\/uploads\/2024\/02\/DSC_5955-1024x684.jpg\" alt=\"\" class=\"wp-image-75\" srcset=\"https:\/\/fermedelaborde.com\/wp-content\/uploads\/2024\/02\/DSC_5955-1024x684.jpg 1024w, https:\/\/fermedelaborde.com\/wp-content\/uploads\/2024\/02\/DSC_5955-300x200.jpg 300w, https:\/\/fermedelaborde.com\/wp-content\/uploads\/2024\/02\/DSC_5955-768x513.jpg 768w, https:\/\/fermedelaborde.com\/wp-content\/uploads\/2024\/02\/DSC_5955.jpg 1500w\" sizes=\"(max-width: 1024px) 100vw, 1024px\" \/><\/figure>\n<\/figure>\n\n\n\n<hr class=\"wp-block-separator has-alpha-channel-opacity\"\/>\n\n\n\n<p class=\"has-text-align-center\"><span style=\"text-decoration: underline;\">Nous contacter<\/span> :<br><strong>Mireille et Dominique BOUIN<\/strong><br>Ferme de la Borde<br>6 et 8, chemin de la Borde<br><strong>45730 Saint-Beno\u00eet-sur-Loire <\/strong><br><strong>FRANCE<\/strong><\/p>\n\n\n\n<p class=\"has-text-align-center\">T\u00e9l. <a href=\"tel:+33238357053\" data-type=\"tel\" data-id=\"tel:+33238357053\">02 38 35 70 53<\/a><br>Mobile : <a href=\"tel:+33676056972\" data-type=\"tel\" data-id=\"tel:+33676056972\">06 76 05 69 72<\/a> <br><br><a href=\"mailto:Mireille-Dominique.BOUIN@wanadoo.fr\" data-type=\"mailto\" data-id=\"mailto:Mireille-Dominique.BOUIN@wanadoo.fr\">Nous \u00e9crire<\/a><\/p>\n\n\n\n<div class=\"wp-block-group\"><div class=\"wp-block-group__inner-container is-layout-constrained wp-block-group-is-layout-constrained\">\n<hr class=\"wp-block-separator has-alpha-channel-opacity\"\/>\n\n\n\n<div class=\"wp-block-group has-small-font-size is-horizontal is-content-justification-center is-layout-flex wp-container-core-group-is-layout-ddb39544 wp-block-group-is-layout-flex\">\n<figure class=\"wp-block-image size-full is-resized\"><img loading=\"lazy\" decoding=\"async\" width=\"359\" height=\"370\" src=\"http:\/\/fermedelaborde.com\/wp-content\/uploads\/2024\/02\/Bienvenue_a_la_ferme.jpg\" alt=\"\" class=\"wp-image-175\" style=\"width:auto;height:80px\" srcset=\"https:\/\/fermedelaborde.com\/wp-content\/uploads\/2024\/02\/Bienvenue_a_la_ferme.jpg 359w, https:\/\/fermedelaborde.com\/wp-content\/uploads\/2024\/02\/Bienvenue_a_la_ferme-291x300.jpg 291w\" sizes=\"(max-width: 359px) 100vw, 359px\" \/><\/figure>\n\n\n\n<figure class=\"wp-block-image size-large is-resized\"><img loading=\"lazy\" decoding=\"async\" width=\"1020\" height=\"1024\" src=\"http:\/\/fermedelaborde.com\/wp-content\/uploads\/2024\/02\/image-2-1020x1024.png\" alt=\"L\u2019attribut alt de cette image est vide, son nom de fichier est logo-gitesdefrance2019.png.\" class=\"wp-image-179\" style=\"width:auto;height:80px\" srcset=\"https:\/\/fermedelaborde.com\/wp-content\/uploads\/2024\/02\/image-2-1020x1024.png 1020w, https:\/\/fermedelaborde.com\/wp-content\/uploads\/2024\/02\/image-2-300x300.png 300w, https:\/\/fermedelaborde.com\/wp-content\/uploads\/2024\/02\/image-2-150x150.png 150w, https:\/\/fermedelaborde.com\/wp-content\/uploads\/2024\/02\/image-2-768x771.png 768w, https:\/\/fermedelaborde.com\/wp-content\/uploads\/2024\/02\/image-2.png 1183w\" sizes=\"(max-width: 1020px) 100vw, 1020px\" \/><\/figure>\n\n\n\n<figure class=\"wp-block-image size-full is-resized\"><img loading=\"lazy\" decoding=\"async\" width=\"300\" height=\"476\" src=\"https:\/\/fermedelaborde.com\/wp-content\/uploads\/2024\/02\/petitfute2024.webp\" alt=\"\" class=\"wp-image-247\" style=\"width:50px;height:auto\" srcset=\"https:\/\/fermedelaborde.com\/wp-content\/uploads\/2024\/02\/petitfute2024.webp 300w, https:\/\/fermedelaborde.com\/wp-content\/uploads\/2024\/02\/petitfute2024-189x300.webp 189w\" sizes=\"(max-width: 300px) 100vw, 300px\" \/><\/figure>\n\n\n\n<figure class=\"wp-block-image size-full is-resized\"><img loading=\"lazy\" decoding=\"async\" width=\"526\" height=\"810\" src=\"https:\/\/fermedelaborde.com\/wp-content\/uploads\/2024\/02\/routard2024.jpg\" alt=\"\" class=\"wp-image-248\" style=\"width:auto;height:80px\" srcset=\"https:\/\/fermedelaborde.com\/wp-content\/uploads\/2024\/02\/routard2024.jpg 526w, https:\/\/fermedelaborde.com\/wp-content\/uploads\/2024\/02\/routard2024-195x300.jpg 195w\" sizes=\"(max-width: 526px) 100vw, 526px\" \/><\/figure>\n\n\n\n<figure class=\"wp-block-image size-full is-resized\"><img loading=\"lazy\" decoding=\"async\" width=\"203\" height=\"190\" src=\"http:\/\/fermedelaborde.com\/wp-content\/uploads\/2024\/02\/michelin.png\" alt=\"\" class=\"wp-image-250\" style=\"width:auto;height:80px\"\/><\/figure>\n\n\n\n<figure class=\"wp-block-image size-full is-resized\"><img loading=\"lazy\" decoding=\"async\" width=\"363\" height=\"363\" src=\"https:\/\/fermedelaborde.com\/wp-content\/uploads\/2024\/02\/635-logo-edited.jpg\" alt=\"\" class=\"wp-image-183\" style=\"width:auto;height:80px\" srcset=\"https:\/\/fermedelaborde.com\/wp-content\/uploads\/2024\/02\/635-logo-edited.jpg 363w, https:\/\/fermedelaborde.com\/wp-content\/uploads\/2024\/02\/635-logo-edited-300x300.jpg 300w, https:\/\/fermedelaborde.com\/wp-content\/uploads\/2024\/02\/635-logo-edited-150x150.jpg 150w\" sizes=\"(max-width: 363px) 100vw, 363px\" \/><\/figure>\n\n\n\n<figure class=\"wp-block-image size-full is-resized\"><img loading=\"lazy\" decoding=\"async\" width=\"187\" height=\"175\" src=\"https:\/\/fermedelaborde.com\/wp-content\/uploads\/2024\/03\/loire-a-velo.jpg\" alt=\"\" class=\"wp-image-366\" style=\"width:auto;height:80px\"\/><\/figure>\n\n\n\n<figure class=\"wp-block-image size-full is-resized\"><img loading=\"lazy\" decoding=\"async\" width=\"194\" height=\"182\" src=\"https:\/\/fermedelaborde.com\/wp-content\/uploads\/2024\/03\/accueil-velo.jpg\" alt=\"\" class=\"wp-image-365\" style=\"width:85px;height:auto\"\/><\/figure>\n\n\n\n<figure class=\"wp-block-image size-full is-resized\"><img loading=\"lazy\" decoding=\"async\" width=\"73\" height=\"80\" src=\"http:\/\/fermedelaborde.com\/wp-content\/uploads\/2024\/02\/logo-cb.jpg\" alt=\"\" class=\"wp-image-171\" style=\"width:auto;height:80px\"\/><\/figure>\n\n\n\n<figure class=\"wp-block-image size-full is-resized\"><img loading=\"lazy\" decoding=\"async\" width=\"138\" height=\"80\" src=\"https:\/\/fermedelaborde.com\/wp-content\/uploads\/2024\/02\/logo-ancv.jpg\" alt=\"\" class=\"wp-image-195\" style=\"width:auto;height:80px\"\/><\/figure>\n<\/div>\n\n\n\n<hr class=\"wp-block-separator has-alpha-channel-opacity\"\/>\n<\/div><\/div>\n\n\n\n<a href=\"#\" class=\"btn btn-default\">Retour en haut \u2191<\/a>\n","protected":false},"excerpt":{"rendered":"<p>Situ\u00e9e \u00e0 Saint-Beno\u00eet-sur-Loire, dans le hameau de la Borde, retir\u00e9e des routes passag\u00e8res, au calme et dans un environnement tr\u00e8s reposant, la Ferme de la Borde, labellis\u00e9e en \u00ab\u00a0Ferme de s\u00e9jour\u00a0\u00bb dans Bienvenue \u00e0 la ferme est aussi une maison d&rsquo;h\u00f4tes ! Depuis 1990, Mireille et Dominique Bouin vous accueillent chaleureusement pour une ou plusieurs [&hellip;]<\/p>\n","protected":false},"author":1,"featured_media":20,"parent":0,"menu_order":0,"comment_status":"closed","ping_status":"closed","template":"","meta":{"footnotes":""},"class_list":["post-70","page","type-page","status-publish","has-post-thumbnail","hentry"],"_links":{"self":[{"href":"https:\/\/fermedelaborde.com\/index.php\/wp-json\/wp\/v2\/pages\/70","targetHints":{"allow":["GET"]}}],"collection":[{"href":"https:\/\/fermedelaborde.com\/index.php\/wp-json\/wp\/v2\/pages"}],"about":[{"href":"https:\/\/fermedelaborde.com\/index.php\/wp-json\/wp\/v2\/types\/page"}],"author":[{"embeddable":true,"href":"https:\/\/fermedelaborde.com\/index.php\/wp-json\/wp\/v2\/users\/1"}],"replies":[{"embeddable":true,"href":"https:\/\/fermedelaborde.com\/index.php\/wp-json\/wp\/v2\/comments?post=70"}],"version-history":[{"count":19,"href":"https:\/\/fermedelaborde.com\/index.php\/wp-json\/wp\/v2\/pages\/70\/revisions"}],"predecessor-version":[{"id":368,"href":"https:\/\/fermedelaborde.com\/index.php\/wp-json\/wp\/v2\/pages\/70\/revisions\/368"}],"wp:featuredmedia":[{"embeddable":true,"href":"https:\/\/fermedelaborde.com\/index.php\/wp-json\/wp\/v2\/media\/20"}],"wp:attachment":[{"href":"https:\/\/fermedelaborde.com\/index.php\/wp-json\/wp\/v2\/media?parent=70"}],"curies":[{"name":"wp","href":"https:\/\/api.w.org\/{rel}","templated":true}]}}