{"id":9,"date":"2024-01-30T21:26:00","date_gmt":"2024-01-30T20:26:00","guid":{"rendered":"https:\/\/fermedelaborde.com\/?page_id=9"},"modified":"2024-02-12T21:19:14","modified_gmt":"2024-02-12T20:19:14","slug":"situation","status":"publish","type":"page","link":"https:\/\/fermedelaborde.com\/index.php\/situation\/","title":{"rendered":"Situation g\u00e9ographique"},"content":{"rendered":"\n<p>Pour nous trouver facilement : <\/p>\n\n\n<div class=\"wp-block-image is-style-default\">\n<figure class=\"aligncenter size-full\"><img fetchpriority=\"high\" decoding=\"async\" width=\"400\" height=\"195\" src=\"https:\/\/fermedelaborde.com\/wp-content\/uploads\/2024\/02\/plan.gif\" alt=\"\" class=\"wp-image-193\"\/><\/figure>\n<\/div>\n\n\n<hr class=\"wp-block-separator has-alpha-channel-opacity is-style-dots\"\/>\n\n\n\n<p class=\"has-medium-font-size\"><strong><span style=\"text-decoration: underline;\">En arrivant de Paris par l&rsquo;autoroute A10<\/span><\/strong> : <br>De l&rsquo;autoroute <strong>A10<\/strong>, prendre la sortie n\u00b0<strong>14<\/strong> (<strong>Orl\u00e9ans Nord<\/strong>) et suivre la direction <strong>Montargis<\/strong> et <strong>Nevers<\/strong> par la <strong>N60\/E60<\/strong> jusqu&rsquo;\u00e0 la sortie <strong>Ch\u00e2teauneuf-sur-Loire<\/strong>. Ensuite, prendre direction <strong>Gien\/Nevers (D952)<\/strong>. Dans le village de <strong>Saint-Martin-d&rsquo;Abbat<\/strong>, prendre \u00e0 droite <strong>Germigny-des-Pr\u00e9s<\/strong>, puis suivre la direction de <strong>Saint-Beno\u00eet-sur-Loire (D60)<\/strong>, traverser le village et prendre la direction de <strong>Sully-sur-Loire<\/strong> et enfin \u00e0 la sortie de <strong>Saint-Beno\u00eet-sur-Loire<\/strong>, prendre la route de <strong>Bonn\u00e9e D148<\/strong> jusqu&rsquo;\u00e0 la petite <strong>chapelle de Sainte-Scholastique<\/strong> (parcours fl\u00e9ch\u00e9), \u00e0 gauche prendre le <strong>chemin de Sainte Scholastique<\/strong>, puis la 1\u00e8re \u00e0 gauche le <strong>chemin de la Borde<\/strong>. <span style=\"text-decoration: underline;\">Vous \u00eates arriv\u00e9s<\/span>.<\/p>\n\n\n\n<hr class=\"wp-block-separator has-alpha-channel-opacity is-style-dots\"\/>\n\n\n\n<p class=\"has-medium-font-size\"><strong><span style=\"text-decoration: underline;\">En arrivant de Paris par l&rsquo;autoroute A77<\/span> : <\/strong><br>Sortie <strong>Montargis<\/strong> direction la route <strong>D961<\/strong> direction <strong>Lorris\/Sully-sur-Loire<\/strong>. Dans le bourg de <strong>Bonn\u00e9e<\/strong>, au stop tourner \u00e0 droite puis 100m plus loin prendre \u00e0 gauche route <strong>D148<\/strong> (direction <strong>Saint-Benoit-sur-Loire<\/strong>), au hameau de la <strong>Chapelle Sainte-Scholastique<\/strong> \u00e0 droite prendre le <strong>chemin de Sainte-Scholastique<\/strong>, puis la 1\u00e8re \u00e0 gauche le <strong>chemin de la Borde<\/strong>. <span style=\"text-decoration: underline;\">Vous \u00eates arriv\u00e9s<\/span>.<\/p>\n\n\n\n<hr class=\"wp-block-separator has-alpha-channel-opacity is-style-dots\"\/>\n\n\n\n<p class=\"has-medium-font-size\"><strong><span style=\"text-decoration: underline;\">En arrivant de l&rsquo;autoroute A71<\/span> : <\/strong><br>Sortie de <strong>Lamotte-Beuvron<\/strong>, direction <strong>Sully-sur-Loire<\/strong> par la route <strong>D101<\/strong> jusqu&rsquo;\u00e0<strong> Isdes<\/strong> puis la <strong>D59<\/strong> jusqu&rsquo;\u00e0 <strong>Sully-sur-Loire<\/strong>. Traverser la Loire pour prendre la route <strong>D60<\/strong> direction <strong>Saint-Beno\u00eet-sur-Loire<\/strong>, puis au 1er hameau <strong>Les places<\/strong> prendre \u00e0 droite le <strong>chemin de Narbonne<\/strong> jusqu&rsquo;\u00e0 la <strong>Chapelle Saint-Scholastique<\/strong> et suivre le fl\u00e9chage \u00e0 droite puis 50m plus loin \u00e0 gauche prendre le <strong>chemin de Sainte-Scholastique<\/strong>, puis la 1\u00e8re \u00e0 gauche le <strong>chemin de la Borde<\/strong>. <span style=\"text-decoration: underline;\">Vous \u00eates arriv\u00e9s<\/span>.<br><\/p>\n\n\n\n<hr class=\"wp-block-separator has-alpha-channel-opacity\"\/>\n\n\n\n<div align=\"center\"><iframe src=\"https:\/\/www.google.com\/maps\/embed?pb=!1m14!1m8!1m3!1d10718.729085546021!2d2.3337072294093195!3d47.806994536578465!3m2!1i1024!2i768!4f13.1!3m3!1m2!1s0x47e5148facc1ccdb%3A0x6a67774d477adb00!2sFerme%20de%20la%20Borde!5e0!3m2!1sfr!2sfr!4v1707573883617!5m2!1sfr!2sfr\" width=\"600\" height=\"450\" style=\"border:0;\" allowfullscreen=\"\" loading=\"lazy\" referrerpolicy=\"no-referrer-when-downgrade\"><\/iframe><\/div>\n\n\n\n<hr class=\"wp-block-separator has-alpha-channel-opacity\"\/>\n\n\n\n<a href=\"#\" class=\"btn btn-default\">Retour en haut \u2191<\/a>\n","protected":false},"excerpt":{"rendered":"<p>Pour nous trouver facilement : En arrivant de Paris par l&rsquo;autoroute A10 : De l&rsquo;autoroute A10, prendre la sortie n\u00b014 (Orl\u00e9ans Nord) et suivre la direction Montargis et Nevers par la N60\/E60 jusqu&rsquo;\u00e0 la sortie Ch\u00e2teauneuf-sur-Loire. Ensuite, prendre direction Gien\/Nevers (D952). Dans le village de Saint-Martin-d&rsquo;Abbat, prendre \u00e0 droite Germigny-des-Pr\u00e9s, puis suivre la direction de [&hellip;]<\/p>\n","protected":false},"author":1,"featured_media":20,"parent":0,"menu_order":0,"comment_status":"closed","ping_status":"closed","template":"","meta":{"footnotes":""},"class_list":["post-9","page","type-page","status-publish","has-post-thumbnail","hentry"],"_links":{"self":[{"href":"https:\/\/fermedelaborde.com\/index.php\/wp-json\/wp\/v2\/pages\/9","targetHints":{"allow":["GET"]}}],"collection":[{"href":"https:\/\/fermedelaborde.com\/index.php\/wp-json\/wp\/v2\/pages"}],"about":[{"href":"https:\/\/fermedelaborde.com\/index.php\/wp-json\/wp\/v2\/types\/page"}],"author":[{"embeddable":true,"href":"https:\/\/fermedelaborde.com\/index.php\/wp-json\/wp\/v2\/users\/1"}],"replies":[{"embeddable":true,"href":"https:\/\/fermedelaborde.com\/index.php\/wp-json\/wp\/v2\/comments?post=9"}],"version-history":[{"count":25,"href":"https:\/\/fermedelaborde.com\/index.php\/wp-json\/wp\/v2\/pages\/9\/revisions"}],"predecessor-version":[{"id":262,"href":"https:\/\/fermedelaborde.com\/index.php\/wp-json\/wp\/v2\/pages\/9\/revisions\/262"}],"wp:featuredmedia":[{"embeddable":true,"href":"https:\/\/fermedelaborde.com\/index.php\/wp-json\/wp\/v2\/media\/20"}],"wp:attachment":[{"href":"https:\/\/fermedelaborde.com\/index.php\/wp-json\/wp\/v2\/media?parent=9"}],"curies":[{"name":"wp","href":"https:\/\/api.w.org\/{rel}","templated":true}]}}